{"id":1015,"date":"2013-12-23T09:50:32","date_gmt":"2013-12-23T05:50:32","guid":{"rendered":"http:\/\/hispablog.ru\/?page_id=1015"},"modified":"2024-01-05T11:07:55","modified_gmt":"2024-01-05T07:07:55","slug":"dlya-reklamodatelej","status":"publish","type":"page","link":"https:\/\/hispablog.ru\/?page_id=1015","title":{"rendered":"\u0418\u043d\u0444\u043e\u0440\u043c\u0430\u0446\u0438\u044f \u0434\u043b\u044f \u0440\u0435\u043a\u043b\u0430\u043c\u043e\u0434\u0430\u0442\u0435\u043b\u0435\u0439"},"content":{"rendered":"<p>\u041d\u0430\u0448 \u0431\u043b\u043e\u0433 \u043f\u043e \u0438\u0437\u0443\u0447\u0435\u043d\u0438\u044e \u0438\u0441\u043f\u0430\u043d\u0441\u043a\u043e\u0433\u043e \u044f\u0437\u044b\u043a\u0430 \u043e\u0442\u043a\u0440\u044b\u0442 \u0434\u043b\u044f \u0440\u0430\u0437\u043c\u0435\u0449\u0435\u043d\u0438\u044f \u0440\u0435\u043a\u043b\u0430\u043c\u044b. \u0415\u0441\u043b\u0438 \u0443 \u0432\u0430\u0441 \u0435\u0441\u0442\u044c \u0438\u043d\u0442\u0435\u0440\u0435\u0441\u043d\u043e\u0435 \u043f\u0440\u0435\u0434\u043b\u043e\u0436\u0435\u043d\u0438\u0435 \u043f\u043e \u0440\u0430\u0437\u043c\u0435\u0449\u0435\u043d\u0438\u044e \u0441\u0432\u043e\u0435\u0439 \u0440\u0435\u043a\u043b\u0430\u043c\u044b, \u043e\u0431\u044f\u0437\u0430\u0442\u0435\u043b\u044c\u043d\u043e \u0441\u0432\u044f\u0436\u0438\u0442\u0435\u0441\u044c \u0441 \u0430\u0434\u043c\u0438\u043d\u0438\u0441\u0442\u0440\u0430\u0446\u0438\u0435\u0439 \u0431\u043b\u043e\u0433\u0430. \u0421 \u0432\u0430\u043c\u0438 \u043e\u0431\u0441\u0443\u0434\u044f\u0442 \u0432\u0441\u0435 \u0434\u0435\u0442\u0430\u043b\u0438 \u0438 \u0432\u043e\u043f\u0440\u043e\u0441\u044b.<\/p>\n<p>\u041e\u0442 \u0432\u0430\u0441 \u043b\u0438\u0448\u044c \u0442\u0440\u0435\u0431\u0443\u0435\u0442\u0441\u044f \u0447\u0435\u0442\u043a\u043e\u0435 \u0438\u0437\u043b\u043e\u0436\u0435\u043d\u0438\u0435 \u0438\u043d\u0444\u043e\u0440\u043c\u0430\u0446\u0438\u0438 \u043e \u0441\u043e\u0442\u0440\u0443\u0434\u043d\u0438\u0447\u0435\u0441\u0442\u0432\u0435, \u0434\u043b\u044f \u043a\u043e\u0442\u043e\u0440\u043e\u0439 \u0441\u0443\u0449\u0435\u0441\u0442\u0432\u0443\u0435\u0442 \u0434\u0430\u043d\u043d\u0430\u044f \u0444\u043e\u0440\u043c\u0430 \u043e\u0431\u0440\u0430\u0442\u043d\u043e\u0439 \u0441\u0432\u044f\u0437\u0438. \u041e\u0442\u0432\u0435\u0442 \u0430\u0434\u043c\u0438\u043d\u0438\u0441\u0442\u0440\u0430\u0446\u0438\u0438 \u043d\u0435 \u0437\u0430\u0441\u0442\u0430\u0432\u0438\u0442 \u0432\u0430\u0441 \u0434\u043e\u043b\u0433\u043e \u0436\u0434\u0430\u0442\u044c. \u0420\u0430\u0437\u043c\u0435\u0449\u0435\u043d\u0438\u0435 \u0432\u0430\u0448\u0435\u0439 \u0440\u0435\u043a\u043b\u0430\u043c\u044b \u0431\u0443\u0434\u0435\u0442 \u0432\u0435\u0441\u044c\u043c\u0430 \u0432\u044b\u0433\u043e\u0434\u043d\u044b\u043c, \u0432\u0435\u0434\u044c \u0431\u043b\u043e\u0433 \u043f\u043e \u0438\u0437\u0443\u0447\u0435\u043d\u0438\u044e \u0438\u0441\u043f\u0430\u043d\u0441\u043a\u043e\u0433\u043e \u044f\u0437\u044b\u043a\u0430 \u043f\u043e\u043b\u044c\u0437\u0443\u0435\u0442\u0441\u044f \u0431\u043e\u043b\u044c\u0448\u043e\u0439 \u043f\u043e\u043f\u0443\u043b\u044f\u0440\u043d\u043e\u0441\u0442\u044c\u044e \u0438 \u043d\u0430\u0431\u043b\u044e\u0434\u0430\u0435\u0442\u0441\u044f \u0442\u0435\u043d\u0434\u0435\u043d\u0446\u0438\u044f \u0441\u0442\u0430\u0431\u0438\u043b\u044c\u043d\u043e\u0433\u043e \u0440\u043e\u0441\u0442\u0430 \u043f\u043e\u0441\u0435\u0449\u0430\u0435\u043c\u043e\u0441\u0442\u0438. \u0412\u044b\u0433\u043e\u0434\u0430 \u043e\u0447\u0435\u0432\u0438\u0434\u043d\u0430.<\/p>\n<p>\u041d\u0435 \u0441\u0442\u043e\u0438\u0442 \u043e\u0442\u043a\u043b\u0430\u0434\u044b\u0432\u0430\u0442\u044c \u0432\u0441\u0435 \u043d\u0430 \u043f\u043e\u0442\u043e\u043c! \u0420\u0430\u0437\u043c\u0435\u0441\u0442\u0438\u0442\u0435 \u0441\u0432\u043e\u044e \u0440\u0435\u043a\u043b\u0430\u043c\u0443 \u0437\u0434\u0435\u0441\u044c \u0438 \u0441\u0435\u0439\u0447\u0430\u0441!<\/p>\n<hr \/>\n<p>Nuestro blog para aprender espa\u00f1ol est\u00e1 abierto para la publicidad. Si Usted tiene una propuesta interesante para la colocaci\u00f3n de su publicidad, p\u00f3ngase en contacto con la administraci\u00f3n del blog. Gustosamente \u00a0discutiremos todos los detalles.<\/p>\n<p>Usted tiene que presentar una informaci\u00f3n clara de nuestra cooperaci\u00f3n, puede usar este formulario de contacto. La respuesta de la administraci\u00f3n no le har\u00e1 esperar mucho tiempo. La colocaci\u00f3n de su publicidad ser\u00e1 muy beneficiosa, porque el blog para aprender espa\u00f1ol es muy popular y tiene la tendencia del crecimiento de visitas del blog. El beneficio es obvio.<\/p>\n<p>No dejes para m\u00e1s tarde, coloca su publicidad aqu\u00ed y ahora!<\/p>\n<hr \/>\n<p>\u0415\u0441\u043b\u0438 \u0432\u044b \u0436\u0435\u043b\u0430\u0435\u0442\u0435 \u0441\u043e\u0442\u0440\u0443\u0434\u043d\u0438\u0447\u0430\u0442\u044c \u043f\u043e \u0432\u043e\u043f\u0440\u043e\u0441\u0430\u043c \u0440\u0435\u043a\u043b\u0430\u043c\u044b, \u0440\u0430\u0437\u043c\u0435\u0449\u0435\u043d\u0438\u044f \u0441\u0432\u043e\u0435\u0439 \u0441\u0442\u0430\u0442\u044c\u0438 \u0438\u043b\u0438 \u043f\u043e\u043a\u0443\u043f\u043a\u0438 \u0441\u0430\u0439\u0442\u0430, \u0432\u044b \u043c\u043e\u0436\u0435\u0442\u0435 \u0441\u0432\u044f\u0437\u0430\u0442\u044c\u0441\u044f \u0441\u043e \u043c\u043d\u043e\u0439 \u0447\u0435\u0440\u0435\u0437 <a target=\"_blank\" rel=\"nofollow\" href=\"https:\/\/hispablog.ru\/?goto=https%3A%2F%2Ft.me%2Faberezovskyy\"  rel=\"nofollow\">Telegram<\/a><\/p>\n","protected":false},"excerpt":{"rendered":"<p>\u041d\u0430\u0448 \u0431\u043b\u043e\u0433 \u043f\u043e \u0438\u0437\u0443\u0447\u0435\u043d\u0438\u044e \u0438\u0441\u043f\u0430\u043d\u0441\u043a\u043e\u0433\u043e \u044f\u0437\u044b\u043a\u0430 \u043e\u0442\u043a\u0440\u044b\u0442 \u0434\u043b\u044f \u0440\u0430\u0437\u043c\u0435\u0449\u0435\u043d\u0438\u044f \u0440\u0435\u043a\u043b\u0430\u043c\u044b. \u0415\u0441\u043b\u0438 \u0443 \u0432\u0430\u0441 \u0435\u0441\u0442\u044c \u0438\u043d\u0442\u0435\u0440\u0435\u0441\u043d\u043e\u0435 \u043f\u0440\u0435\u0434\u043b\u043e\u0436\u0435\u043d\u0438\u0435 \u043f\u043e \u0440\u0430\u0437\u043c\u0435\u0449\u0435\u043d\u0438\u044e \u0441\u0432\u043e\u0435\u0439 \u0440\u0435\u043a\u043b\u0430\u043c\u044b, \u043e\u0431\u044f\u0437\u0430\u0442\u0435\u043b\u044c\u043d\u043e \u0441\u0432\u044f\u0436\u0438\u0442\u0435\u0441\u044c \u0441 \u0430\u0434\u043c\u0438\u043d\u0438\u0441\u0442\u0440\u0430\u0446\u0438\u0435\u0439 \u0431\u043b\u043e\u0433\u0430. \u0421 \u0432\u0430\u043c\u0438 \u043e\u0431\u0441\u0443\u0434\u044f\u0442 \u0432\u0441\u0435 \u0434\u0435\u0442\u0430\u043b\u0438 \u0438 \u0432\u043e\u043f\u0440\u043e\u0441\u044b. \u041e\u0442 \u0432\u0430\u0441 \u043b\u0438\u0448\u044c \u0442\u0440\u0435\u0431\u0443\u0435\u0442\u0441\u044f \u0447\u0435\u0442\u043a\u043e\u0435 \u0438\u0437\u043b\u043e\u0436\u0435\u043d\u0438\u0435 \u0438\u043d\u0444\u043e\u0440\u043c\u0430\u0446\u0438\u0438 \u043e \u0441\u043e\u0442\u0440\u0443\u0434\u043d\u0438\u0447\u0435\u0441\u0442\u0432\u0435, \u0434\u043b\u044f \u043a\u043e\u0442\u043e\u0440\u043e\u0439 \u0441\u0443\u0449\u0435\u0441\u0442\u0432\u0443\u0435\u0442 \u0434\u0430\u043d\u043d\u0430\u044f \u0444\u043e\u0440\u043c\u0430 \u043e\u0431\u0440\u0430\u0442\u043d\u043e\u0439 \u0441\u0432\u044f\u0437\u0438. \u041e\u0442\u0432\u0435\u0442 \u0430\u0434\u043c\u0438\u043d\u0438\u0441\u0442\u0440\u0430\u0446\u0438\u0438 \u043d\u0435 \u0437\u0430\u0441\u0442\u0430\u0432\u0438\u0442 \u0432\u0430\u0441 \u0434\u043e\u043b\u0433\u043e \u0436\u0434\u0430\u0442\u044c. [&hellip;]<\/p>\n","protected":false},"author":1,"featured_media":0,"parent":0,"menu_order":0,"comment_status":"closed","ping_status":"closed","template":"","meta":{"_sitemap_exclude":false,"_sitemap_priority":"","_sitemap_frequency":"","footnotes":""},"class_list":["post-1015","page","type-page","status-publish",""],"yoast_head":"\n<title>\u041c\u0435\u0441\u0442\u043e \u0434\u043b\u044f \u0432\u0430\u0448\u0435\u0439 \u0440\u0435\u043a\u043b\u0430\u043c\u044b<\/title>\n<meta name=\"description\" content=\"\u0423 \u0432\u0430\u0441 \u0435\u0441\u0442\u044c \u0436\u0435\u043b\u0430\u043d\u0438\u0435 \u0440\u0430\u0437\u043c\u0435\u0441\u0442\u0438\u0442\u044c \u0443 \u043d\u0430\u0441 \u0441\u0432\u043e\u044e \u0440\u0435\u043a\u043b\u0430\u043c\u0443? \u0421\u043e\u043e\u0431\u0449\u0438\u0442\u0435 \u043d\u0430\u043c \u043e\u0431 \u044d\u0442\u043e\u043c \u0447\u0435\u0440\u0435\u0437 \u0444\u043e\u0440\u043c\u0443 \u043e\u0431\u0440\u0430\u0442\u043d\u043e\u0439 \u0441\u0432\u044f\u0437\u0438. \u041a\u0430\u043a \u0442\u043e\u043b\u044c\u043a\u043e \u0432\u0430\u0448\u0435 \u0441\u043e\u043e\u0431\u0449\u0435\u043d\u0438\u0435 \u0431\u0443\u0434\u0435\u0442 \u043f\u043e\u043b\u0443\u0447\u0435\u043d\u043e, \u0441 \u0432\u0430\u043c\u0438 \u0441\u0432\u044f\u0436\u0435\u0442\u0441\u044f \u0430\u0434\u043c\u0438\u043d\u0438\u0441\u0442\u0440\u0430\u0446\u0438\u044f.\" \/>\n<meta name=\"robots\" content=\"index, follow, max-snippet:-1, max-image-preview:large, max-video-preview:-1\" \/>\n<link rel=\"canonical\" href=\"https:\/\/hispablog.ru\/?page_id=1015\" \/>\n<meta property=\"og:locale\" content=\"ru_RU\" \/>\n<meta property=\"og:type\" content=\"article\" \/>\n<meta property=\"og:title\" content=\"\u041c\u0435\u0441\u0442\u043e \u0434\u043b\u044f \u0432\u0430\u0448\u0435\u0439 \u0440\u0435\u043a\u043b\u0430\u043c\u044b\" \/>\n<meta property=\"og:description\" content=\"\u0423 \u0432\u0430\u0441 \u0435\u0441\u0442\u044c \u0436\u0435\u043b\u0430\u043d\u0438\u0435 \u0440\u0430\u0437\u043c\u0435\u0441\u0442\u0438\u0442\u044c \u0443 \u043d\u0430\u0441 \u0441\u0432\u043e\u044e \u0440\u0435\u043a\u043b\u0430\u043c\u0443? \u0421\u043e\u043e\u0431\u0449\u0438\u0442\u0435 \u043d\u0430\u043c \u043e\u0431 \u044d\u0442\u043e\u043c \u0447\u0435\u0440\u0435\u0437 \u0444\u043e\u0440\u043c\u0443 \u043e\u0431\u0440\u0430\u0442\u043d\u043e\u0439 \u0441\u0432\u044f\u0437\u0438. \u041a\u0430\u043a \u0442\u043e\u043b\u044c\u043a\u043e \u0432\u0430\u0448\u0435 \u0441\u043e\u043e\u0431\u0449\u0435\u043d\u0438\u0435 \u0431\u0443\u0434\u0435\u0442 \u043f\u043e\u043b\u0443\u0447\u0435\u043d\u043e, \u0441 \u0432\u0430\u043c\u0438 \u0441\u0432\u044f\u0436\u0435\u0442\u0441\u044f \u0430\u0434\u043c\u0438\u043d\u0438\u0441\u0442\u0440\u0430\u0446\u0438\u044f.\" \/>\n<meta property=\"og:url\" content=\"https:\/\/hispablog.ru\/?page_id=1015\" \/>\n<meta property=\"og:site_name\" content=\"HispaBlog\" \/>\n<meta property=\"article:modified_time\" content=\"2024-01-05T07:07:55+00:00\" \/>\n<meta name=\"twitter:label1\" content=\"\u041f\u0440\u0438\u043c\u0435\u0440\u043d\u043e\u0435 \u0432\u0440\u0435\u043c\u044f \u0434\u043b\u044f \u0447\u0442\u0435\u043d\u0438\u044f\" \/>\n\t<meta name=\"twitter:data1\" content=\"2 \u043c\u0438\u043d\u0443\u0442\u044b\" \/>\n<script type=\"application\/ld+json\" class=\"yoast-schema-graph\">{\"@context\":\"https:\\\/\\\/schema.org\",\"@graph\":[{\"@type\":\"WebPage\",\"@id\":\"https:\\\/\\\/hispablog.ru\\\/?page_id=1015\",\"url\":\"https:\\\/\\\/hispablog.ru\\\/?page_id=1015\",\"name\":\"\u041c\u0435\u0441\u0442\u043e \u0434\u043b\u044f \u0432\u0430\u0448\u0435\u0439 \u0440\u0435\u043a\u043b\u0430\u043c\u044b\",\"isPartOf\":{\"@id\":\"https:\\\/\\\/hispablog.ru\\\/#website\"},\"datePublished\":\"2013-12-23T05:50:32+00:00\",\"dateModified\":\"2024-01-05T07:07:55+00:00\",\"description\":\"\u0423 \u0432\u0430\u0441 \u0435\u0441\u0442\u044c \u0436\u0435\u043b\u0430\u043d\u0438\u0435 \u0440\u0430\u0437\u043c\u0435\u0441\u0442\u0438\u0442\u044c \u0443 \u043d\u0430\u0441 \u0441\u0432\u043e\u044e \u0440\u0435\u043a\u043b\u0430\u043c\u0443? \u0421\u043e\u043e\u0431\u0449\u0438\u0442\u0435 \u043d\u0430\u043c \u043e\u0431 \u044d\u0442\u043e\u043c \u0447\u0435\u0440\u0435\u0437 \u0444\u043e\u0440\u043c\u0443 \u043e\u0431\u0440\u0430\u0442\u043d\u043e\u0439 \u0441\u0432\u044f\u0437\u0438. \u041a\u0430\u043a \u0442\u043e\u043b\u044c\u043a\u043e \u0432\u0430\u0448\u0435 \u0441\u043e\u043e\u0431\u0449\u0435\u043d\u0438\u0435 \u0431\u0443\u0434\u0435\u0442 \u043f\u043e\u043b\u0443\u0447\u0435\u043d\u043e, \u0441 \u0432\u0430\u043c\u0438 \u0441\u0432\u044f\u0436\u0435\u0442\u0441\u044f \u0430\u0434\u043c\u0438\u043d\u0438\u0441\u0442\u0440\u0430\u0446\u0438\u044f.\",\"breadcrumb\":{\"@id\":\"https:\\\/\\\/hispablog.ru\\\/?page_id=1015#breadcrumb\"},\"inLanguage\":\"ru-RU\",\"potentialAction\":[{\"@type\":\"ReadAction\",\"target\":[\"https:\\\/\\\/hispablog.ru\\\/?page_id=1015\"]}]},{\"@type\":\"BreadcrumbList\",\"@id\":\"https:\\\/\\\/hispablog.ru\\\/?page_id=1015#breadcrumb\",\"itemListElement\":[{\"@type\":\"ListItem\",\"position\":1,\"name\":\"HispaBlog\",\"item\":\"https:\\\/\\\/hispablog.ru\\\/\"},{\"@type\":\"ListItem\",\"position\":2,\"name\":\"\u0418\u043d\u0444\u043e\u0440\u043c\u0430\u0446\u0438\u044f \u0434\u043b\u044f \u0440\u0435\u043a\u043b\u0430\u043c\u043e\u0434\u0430\u0442\u0435\u043b\u0435\u0439\"}]},{\"@type\":\"WebSite\",\"@id\":\"https:\\\/\\\/hispablog.ru\\\/#website\",\"url\":\"https:\\\/\\\/hispablog.ru\\\/\",\"name\":\"HispaBlog\",\"description\":\"\u0411\u043b\u043e\u0433 \u043e\u0431 \u0438\u0437\u0443\u0447\u0435\u043d\u0438\u0438 \u0438\u0441\u043f\u0430\u043d\u0441\u043a\u043e\u0433\u043e \u044f\u0437\u044b\u043a\u0430 \u0438 \u043d\u0435 \u0442\u043e\u043b\u044c\u043a\u043e\u2026\",\"potentialAction\":[{\"@type\":\"SearchAction\",\"target\":{\"@type\":\"EntryPoint\",\"urlTemplate\":\"https:\\\/\\\/hispablog.ru\\\/?s={search_term_string}\"},\"query-input\":{\"@type\":\"PropertyValueSpecification\",\"valueRequired\":true,\"valueName\":\"search_term_string\"}}],\"inLanguage\":\"ru-RU\"}]}<\/script>\n","yoast_head_json":{"title":"\u041c\u0435\u0441\u0442\u043e \u0434\u043b\u044f \u0432\u0430\u0448\u0435\u0439 \u0440\u0435\u043a\u043b\u0430\u043c\u044b","description":"\u0423 \u0432\u0430\u0441 \u0435\u0441\u0442\u044c \u0436\u0435\u043b\u0430\u043d\u0438\u0435 \u0440\u0430\u0437\u043c\u0435\u0441\u0442\u0438\u0442\u044c \u0443 \u043d\u0430\u0441 \u0441\u0432\u043e\u044e \u0440\u0435\u043a\u043b\u0430\u043c\u0443? \u0421\u043e\u043e\u0431\u0449\u0438\u0442\u0435 \u043d\u0430\u043c \u043e\u0431 \u044d\u0442\u043e\u043c \u0447\u0435\u0440\u0435\u0437 \u0444\u043e\u0440\u043c\u0443 \u043e\u0431\u0440\u0430\u0442\u043d\u043e\u0439 \u0441\u0432\u044f\u0437\u0438. \u041a\u0430\u043a \u0442\u043e\u043b\u044c\u043a\u043e \u0432\u0430\u0448\u0435 \u0441\u043e\u043e\u0431\u0449\u0435\u043d\u0438\u0435 \u0431\u0443\u0434\u0435\u0442 \u043f\u043e\u043b\u0443\u0447\u0435\u043d\u043e, \u0441 \u0432\u0430\u043c\u0438 \u0441\u0432\u044f\u0436\u0435\u0442\u0441\u044f \u0430\u0434\u043c\u0438\u043d\u0438\u0441\u0442\u0440\u0430\u0446\u0438\u044f.","robots":{"index":"index","follow":"follow","max-snippet":"max-snippet:-1","max-image-preview":"max-image-preview:large","max-video-preview":"max-video-preview:-1"},"canonical":"https:\/\/hispablog.ru\/?page_id=1015","og_locale":"ru_RU","og_type":"article","og_title":"\u041c\u0435\u0441\u0442\u043e \u0434\u043b\u044f \u0432\u0430\u0448\u0435\u0439 \u0440\u0435\u043a\u043b\u0430\u043c\u044b","og_description":"\u0423 \u0432\u0430\u0441 \u0435\u0441\u0442\u044c \u0436\u0435\u043b\u0430\u043d\u0438\u0435 \u0440\u0430\u0437\u043c\u0435\u0441\u0442\u0438\u0442\u044c \u0443 \u043d\u0430\u0441 \u0441\u0432\u043e\u044e \u0440\u0435\u043a\u043b\u0430\u043c\u0443? \u0421\u043e\u043e\u0431\u0449\u0438\u0442\u0435 \u043d\u0430\u043c \u043e\u0431 \u044d\u0442\u043e\u043c \u0447\u0435\u0440\u0435\u0437 \u0444\u043e\u0440\u043c\u0443 \u043e\u0431\u0440\u0430\u0442\u043d\u043e\u0439 \u0441\u0432\u044f\u0437\u0438. \u041a\u0430\u043a \u0442\u043e\u043b\u044c\u043a\u043e \u0432\u0430\u0448\u0435 \u0441\u043e\u043e\u0431\u0449\u0435\u043d\u0438\u0435 \u0431\u0443\u0434\u0435\u0442 \u043f\u043e\u043b\u0443\u0447\u0435\u043d\u043e, \u0441 \u0432\u0430\u043c\u0438 \u0441\u0432\u044f\u0436\u0435\u0442\u0441\u044f \u0430\u0434\u043c\u0438\u043d\u0438\u0441\u0442\u0440\u0430\u0446\u0438\u044f.","og_url":"https:\/\/hispablog.ru\/?page_id=1015","og_site_name":"HispaBlog","article_modified_time":"2024-01-05T07:07:55+00:00","twitter_misc":{"\u041f\u0440\u0438\u043c\u0435\u0440\u043d\u043e\u0435 \u0432\u0440\u0435\u043c\u044f \u0434\u043b\u044f \u0447\u0442\u0435\u043d\u0438\u044f":"2 \u043c\u0438\u043d\u0443\u0442\u044b"},"schema":{"@context":"https:\/\/schema.org","@graph":[{"@type":"WebPage","@id":"https:\/\/hispablog.ru\/?page_id=1015","url":"https:\/\/hispablog.ru\/?page_id=1015","name":"\u041c\u0435\u0441\u0442\u043e \u0434\u043b\u044f \u0432\u0430\u0448\u0435\u0439 \u0440\u0435\u043a\u043b\u0430\u043c\u044b","isPartOf":{"@id":"https:\/\/hispablog.ru\/#website"},"datePublished":"2013-12-23T05:50:32+00:00","dateModified":"2024-01-05T07:07:55+00:00","description":"\u0423 \u0432\u0430\u0441 \u0435\u0441\u0442\u044c \u0436\u0435\u043b\u0430\u043d\u0438\u0435 \u0440\u0430\u0437\u043c\u0435\u0441\u0442\u0438\u0442\u044c \u0443 \u043d\u0430\u0441 \u0441\u0432\u043e\u044e \u0440\u0435\u043a\u043b\u0430\u043c\u0443? \u0421\u043e\u043e\u0431\u0449\u0438\u0442\u0435 \u043d\u0430\u043c \u043e\u0431 \u044d\u0442\u043e\u043c \u0447\u0435\u0440\u0435\u0437 \u0444\u043e\u0440\u043c\u0443 \u043e\u0431\u0440\u0430\u0442\u043d\u043e\u0439 \u0441\u0432\u044f\u0437\u0438. \u041a\u0430\u043a \u0442\u043e\u043b\u044c\u043a\u043e \u0432\u0430\u0448\u0435 \u0441\u043e\u043e\u0431\u0449\u0435\u043d\u0438\u0435 \u0431\u0443\u0434\u0435\u0442 \u043f\u043e\u043b\u0443\u0447\u0435\u043d\u043e, \u0441 \u0432\u0430\u043c\u0438 \u0441\u0432\u044f\u0436\u0435\u0442\u0441\u044f \u0430\u0434\u043c\u0438\u043d\u0438\u0441\u0442\u0440\u0430\u0446\u0438\u044f.","breadcrumb":{"@id":"https:\/\/hispablog.ru\/?page_id=1015#breadcrumb"},"inLanguage":"ru-RU","potentialAction":[{"@type":"ReadAction","target":["https:\/\/hispablog.ru\/?page_id=1015"]}]},{"@type":"BreadcrumbList","@id":"https:\/\/hispablog.ru\/?page_id=1015#breadcrumb","itemListElement":[{"@type":"ListItem","position":1,"name":"HispaBlog","item":"https:\/\/hispablog.ru\/"},{"@type":"ListItem","position":2,"name":"\u0418\u043d\u0444\u043e\u0440\u043c\u0430\u0446\u0438\u044f \u0434\u043b\u044f \u0440\u0435\u043a\u043b\u0430\u043c\u043e\u0434\u0430\u0442\u0435\u043b\u0435\u0439"}]},{"@type":"WebSite","@id":"https:\/\/hispablog.ru\/#website","url":"https:\/\/hispablog.ru\/","name":"HispaBlog","description":"\u0411\u043b\u043e\u0433 \u043e\u0431 \u0438\u0437\u0443\u0447\u0435\u043d\u0438\u0438 \u0438\u0441\u043f\u0430\u043d\u0441\u043a\u043e\u0433\u043e \u044f\u0437\u044b\u043a\u0430 \u0438 \u043d\u0435 \u0442\u043e\u043b\u044c\u043a\u043e\u2026","potentialAction":[{"@type":"SearchAction","target":{"@type":"EntryPoint","urlTemplate":"https:\/\/hispablog.ru\/?s={search_term_string}"},"query-input":{"@type":"PropertyValueSpecification","valueRequired":true,"valueName":"search_term_string"}}],"inLanguage":"ru-RU"}]}},"_links":{"self":[{"href":"https:\/\/hispablog.ru\/index.php?rest_route=\/wp\/v2\/pages\/1015","targetHints":{"allow":["GET"]}}],"collection":[{"href":"https:\/\/hispablog.ru\/index.php?rest_route=\/wp\/v2\/pages"}],"about":[{"href":"https:\/\/hispablog.ru\/index.php?rest_route=\/wp\/v2\/types\/page"}],"author":[{"embeddable":true,"href":"https:\/\/hispablog.ru\/index.php?rest_route=\/wp\/v2\/users\/1"}],"replies":[{"embeddable":true,"href":"https:\/\/hispablog.ru\/index.php?rest_route=%2Fwp%2Fv2%2Fcomments&post=1015"}],"version-history":[{"count":0,"href":"https:\/\/hispablog.ru\/index.php?rest_route=\/wp\/v2\/pages\/1015\/revisions"}],"wp:attachment":[{"href":"https:\/\/hispablog.ru\/index.php?rest_route=%2Fwp%2Fv2%2Fmedia&parent=1015"}],"curies":[{"name":"wp","href":"https:\/\/api.w.org\/{rel}","templated":true}]}}