{"id":1372,"date":"2014-01-29T12:42:43","date_gmt":"2014-01-29T08:42:43","guid":{"rendered":"http:\/\/hispablog.ru\/?page_id=1372"},"modified":"2014-03-05T04:00:17","modified_gmt":"2014-03-05T00:00:17","slug":"spryazhenie-glagola-ponerse","status":"publish","type":"page","link":"https:\/\/hispablog.ru\/?page_id=1372","title":{"rendered":"\u0421\u043f\u0440\u044f\u0436\u0435\u043d\u0438\u0435 \u0433\u043b\u0430\u0433\u043e\u043b\u0430 PonerSe"},"content":{"rendered":"<p>\u0412\u043e\u0437\u0432\u0440\u0430\u0442\u043d\u044b\u0439 \u0433\u043b\u0430\u0433\u043e\u043b PonerSe \u0447\u0430\u0441\u0442\u043e \u043f\u0443\u0442\u0430\u0435\u0442 \u0438\u0437\u0443\u0447\u0430\u044e\u0449\u0438\u0445 \u0438\u0441\u043f\u0430\u043d\u0441\u043a\u0438\u0439 \u044f\u0437\u044b\u043a \u0441\u0432\u043e\u0438\u043c \u0441\u043f\u0440\u044f\u0436\u0435\u043d\u0438\u0435\u043c. \u0417\u0434\u0435\u0441\u044c \u0432\u044b \u043d\u0430\u0439\u0434\u0435\u0442\u0435 \u0432\u0430\u0440\u0438\u0430\u043d\u0442\u044b \u0441\u043f\u0440\u044f\u0436\u0435\u043d\u0438\u044f \u0434\u0430\u043d\u043d\u043e\u0433\u043e \u0433\u043b\u0430\u0433\u043e\u043b\u0430 \u0432\u043e \u0432\u0441\u0435\u0445 \u0432\u0440\u0435\u043c\u0435\u043d\u0430\u0445, \u043b\u0438\u0446\u0430\u0445 \u0438 \u0441\u043a\u043b\u043e\u043d\u0435\u043d\u0438\u044f\u0445.<\/p>\n<table class=\"tb_lessons\">\n<tbody>\n<tr>\n<td colspan=\"2\">\n<p align=\"center\"><span class=\"str\">Presente indicativo<\/span><\/p>\n<\/td>\n<\/tr>\n<tr>\n<td>\n<p>yo me pongo<\/p>\n<\/td>\n<td>\n<p>nosotros nos ponemos<\/p>\n<\/td>\n<\/tr>\n<tr>\n<td>\n<p>t\u00fa te pones<\/p>\n<\/td>\n<td>\n<p>vosotros os pon\u00e9is<\/p>\n<\/td>\n<\/tr>\n<tr>\n<td>\n<p>\u00e9l se pone<\/p>\n<\/td>\n<td>\n<p>ellos se ponen<\/p>\n<\/td>\n<\/tr>\n<\/tbody>\n<\/table>\n<table class=\"tb_lessons\">\n<tbody>\n<tr>\n<td colspan=\"2\">\n<p align=\"center\"><span class=\"str\">Futuro Imperfecto Indicativo <\/span><\/p>\n<\/td>\n<\/tr>\n<tr>\n<td>\n<p>yo me pondr\u00e9<\/p>\n<\/td>\n<td>\n<p>nosotros nos pondremos<\/p>\n<\/td>\n<\/tr>\n<tr>\n<td>\n<p>t\u00fa te pondr\u00e1s<\/p>\n<\/td>\n<td>\n<p>vosotros os pondr\u00e9is<\/p>\n<\/td>\n<\/tr>\n<tr>\n<td>\n<p>\u00e9l se pondr\u00e1<\/p>\n<\/td>\n<td>\n<p>ellos se pondr\u00e1n<\/p>\n<\/td>\n<\/tr>\n<\/tbody>\n<\/table>\n<table class=\"tb_lessons\">\n<tbody>\n<tr>\n<td colspan=\"2\">\n<p align=\"center\"><span class=\"str\">Futuro Perfecto Indicativo <\/span><\/p>\n<\/td>\n<\/tr>\n<tr>\n<td>\n<p>yo me habr\u00e9 puesto<\/p>\n<\/td>\n<td>\n<p>nosotros nos habremos puesto<\/p>\n<\/td>\n<\/tr>\n<tr>\n<td>\n<p>t\u00fa te habr\u00e1s puesto<\/p>\n<\/td>\n<td>\n<p>vosotros os habr\u00e9is puesto<\/p>\n<\/td>\n<\/tr>\n<tr>\n<td>\n<p>\u00e9l se habr\u00e1 puesto<\/p>\n<\/td>\n<td>\n<p>ellos se habr\u00e1n puesto<\/p>\n<\/td>\n<\/tr>\n<\/tbody>\n<\/table>\n<table class=\"tb_lessons\">\n<tbody>\n<tr>\n<td colspan=\"2\">\n<p align=\"center\"><span class=\"str\">Pret\u00e9rito Imperfecto Indicativo<\/span><\/p>\n<\/td>\n<\/tr>\n<tr>\n<td>\n<p>yo me pon\u00eda<\/p>\n<\/td>\n<td>\n<p>nosotros nos pon\u00edamos<\/p>\n<\/td>\n<\/tr>\n<tr>\n<td>\n<p>t\u00fa te pon\u00edas<\/p>\n<\/td>\n<td>\n<p>vosotros os pon\u00edais<\/p>\n<\/td>\n<\/tr>\n<tr>\n<td>\n<p>\u00e9l se pon\u00eda<\/p>\n<\/td>\n<td>\n<p>ellos se pon\u00edan<\/p>\n<\/td>\n<\/tr>\n<\/tbody>\n<\/table>\n<table class=\"tb_lessons\">\n<tbody>\n<tr>\n<td colspan=\"2\">\n<p align=\"center\"><span class=\"str\">Pret\u00e9rito Perfecto Indicativo <\/span><\/p>\n<\/td>\n<\/tr>\n<tr>\n<td>\n<p>yo me he puesto<\/p>\n<\/td>\n<td>\n<p>nosotros nos hemos puesto<\/p>\n<\/td>\n<\/tr>\n<tr>\n<td>\n<p>t\u00fa te has puesto<\/p>\n<\/td>\n<td>\n<p>vosotros os hab\u00e9is puesto<\/p>\n<\/td>\n<\/tr>\n<tr>\n<td>\n<p>\u00e9l se ha puesto<\/p>\n<\/td>\n<td>\n<p>ellos se han puesto<\/p>\n<\/td>\n<\/tr>\n<\/tbody>\n<\/table>\n<table class=\"tb_lessons\">\n<tbody>\n<tr>\n<td colspan=\"2\">\n<p align=\"center\"><span class=\"str\">Pret\u00e9rito Pluscuamperfecto Indicativo <\/span><\/p>\n<\/td>\n<\/tr>\n<tr>\n<td>\n<p>yo me hab\u00eda puesto<\/p>\n<\/td>\n<td>\n<p>nosotros nos hab\u00edamos puesto<\/p>\n<\/td>\n<\/tr>\n<tr>\n<td>\n<p>t\u00fa te hab\u00edas puesto<\/p>\n<\/td>\n<td>\n<p>vosotros os hab\u00edais puesto<\/p>\n<\/td>\n<\/tr>\n<tr>\n<td>\n<p>\u00e9l se hab\u00eda puesto<\/p>\n<\/td>\n<td>\n<p>ellos se hab\u00edan puesto<\/p>\n<\/td>\n<\/tr>\n<\/tbody>\n<\/table>\n<table class=\"tb_lessons\">\n<tbody>\n<tr>\n<td colspan=\"2\">\n<p align=\"center\"><span class=\"str\">Pret\u00e9rito Anterior Indicativo<\/span><\/p>\n<\/td>\n<\/tr>\n<tr>\n<td>\n<p>yo me hube puesto<\/p>\n<\/td>\n<td>\n<p>nosotros nos hubimos puesto<\/p>\n<\/td>\n<\/tr>\n<tr>\n<td>\n<p>t\u00fa te hubiste puesto<\/p>\n<\/td>\n<td>\n<p>vosotros os hubisteis puesto<\/p>\n<\/td>\n<\/tr>\n<tr>\n<td>\n<p>\u00e9l se hubo puesto<\/p>\n<\/td>\n<td>\n<p>ellos se hubieron puesto<\/p>\n<\/td>\n<\/tr>\n<\/tbody>\n<\/table>\n<table class=\"tb_lessons\">\n<tbody>\n<tr>\n<td colspan=\"2\">\n<p align=\"center\"><span class=\"str\">Pret\u00e9rito Indefinido Indicativo<\/span><\/p>\n<\/td>\n<\/tr>\n<tr>\n<td>\n<p>yo me puse<\/p>\n<\/td>\n<td>\n<p>nosotros nos pusimos<\/p>\n<\/td>\n<\/tr>\n<tr>\n<td>\n<p>t\u00fa te pusiste<\/p>\n<\/td>\n<td>\n<p>vosotros os pusisteis<\/p>\n<\/td>\n<\/tr>\n<tr>\n<td>\n<p>\u00e9l se puso<\/p>\n<\/td>\n<td>\n<p>ellos se pusieron<\/p>\n<\/td>\n<\/tr>\n<\/tbody>\n<\/table>\n<table class=\"tb_lessons\">\n<tbody>\n<tr>\n<td colspan=\"2\">\n<p align=\"center\"><span class=\"str\">Imperfecto Potencial<\/span><\/p>\n<\/td>\n<\/tr>\n<tr>\n<td>\n<p>yo me pondr\u00eda<\/p>\n<\/td>\n<td>\n<p>nosotros nos pondr\u00edamos<\/p>\n<\/td>\n<\/tr>\n<tr>\n<td>\n<p>t\u00fa te pondr\u00edas<\/p>\n<\/td>\n<td>\n<p>vosotros os pondr\u00edais<\/p>\n<\/td>\n<\/tr>\n<tr>\n<td>\n<p>\u00e9l se pondr\u00eda<\/p>\n<\/td>\n<td>\n<p>ellos se pondr\u00edan<\/p>\n<\/td>\n<\/tr>\n<\/tbody>\n<\/table>\n<table class=\"tb_lessons\">\n<tbody>\n<tr>\n<td colspan=\"2\">\n<p align=\"center\"><span class=\"str\">Perfecto Potencial<\/span><\/p>\n<\/td>\n<\/tr>\n<tr>\n<td>\n<p>yo me habr\u00eda puesto<\/p>\n<\/td>\n<td>\n<p>nosotros nos habr\u00edamos puesto<\/p>\n<\/td>\n<\/tr>\n<tr>\n<td>\n<p>t\u00fa te habr\u00edas puesto<\/p>\n<\/td>\n<td>\n<p>vosotros os habr\u00edais puesto<\/p>\n<\/td>\n<\/tr>\n<tr>\n<td>\n<p>\u00e9l se habr\u00eda puesto<\/p>\n<\/td>\n<td>\n<p>ellos se habr\u00edan puesto<\/p>\n<\/td>\n<\/tr>\n<\/tbody>\n<\/table>\n<table class=\"tb_lessons\">\n<tbody>\n<tr>\n<td colspan=\"2\">\n<p align=\"center\"><span class=\"str\">Presente Subjuntivo<\/span><\/p>\n<\/td>\n<\/tr>\n<tr>\n<td>\n<p>yo me ponga<\/p>\n<\/td>\n<td>\n<p>nosotros nos pongamos<\/p>\n<\/td>\n<\/tr>\n<tr>\n<td>\n<p>t\u00fa te pongas<\/p>\n<\/td>\n<td>\n<p>vosotros os pong\u00e1is<\/p>\n<\/td>\n<\/tr>\n<tr>\n<td>\n<p>\u00e9l se ponga<\/p>\n<\/td>\n<td>\n<p>ellos se pongan<\/p>\n<\/td>\n<\/tr>\n<\/tbody>\n<\/table>\n<table class=\"tb_lessons\">\n<tbody>\n<tr>\n<td colspan=\"2\">\n<p align=\"center\"><span class=\"str\">Futuro Imperfecto Subjuntivo<\/span><\/p>\n<\/td>\n<\/tr>\n<tr>\n<td>\n<p>yo me pusiere<\/p>\n<\/td>\n<td>\n<p>nosotros nos pusi\u00e9remos<\/p>\n<\/td>\n<\/tr>\n<tr>\n<td>\n<p>t\u00fa te pusieres<\/p>\n<\/td>\n<td>\n<p>vosotros os pusiereis<\/p>\n<\/td>\n<\/tr>\n<tr>\n<td>\n<p>\u00e9l se pusiere<\/p>\n<\/td>\n<td>\n<p>ellos se pusieren<\/p>\n<\/td>\n<\/tr>\n<\/tbody>\n<\/table>\n<table class=\"tb_lessons\">\n<tbody>\n<tr>\n<td colspan=\"2\">\n<p align=\"center\"><span class=\"str\">Futuro Perfecto Subjuntivo<\/span><\/p>\n<\/td>\n<\/tr>\n<tr>\n<td>\n<p>yo me hubiere puesto<\/p>\n<\/td>\n<td>\n<p>nosotros nos hubi\u00e9remos puesto<\/p>\n<\/td>\n<\/tr>\n<tr>\n<td>\n<p>t\u00fa te hubieres puesto<\/p>\n<\/td>\n<td>\n<p>vosotros os hubiereis puesto<\/p>\n<\/td>\n<\/tr>\n<tr>\n<td>\n<p>\u00e9l se hubiere puesto<\/p>\n<\/td>\n<td>\n<p>ellos se hubieren puesto<\/p>\n<\/td>\n<\/tr>\n<\/tbody>\n<\/table>\n<table class=\"tb_lessons\">\n<tbody>\n<tr>\n<td colspan=\"2\">\n<p align=\"center\"><span class=\"str\">Pret\u00e9rito Imperfecto Subjuntivo<\/span><\/p>\n<\/td>\n<\/tr>\n<tr>\n<td>\n<p>yo me pusiera, pusiese<\/p>\n<\/td>\n<td>\n<p>nosotros nos pusi\u00e9ramos, pusi\u00e9semos<\/p>\n<\/td>\n<\/tr>\n<tr>\n<td>\n<p>t\u00fa te pusieras, pusieses<\/p>\n<\/td>\n<td>\n<p>vosotros os pusierais, pusieseis<\/p>\n<\/td>\n<\/tr>\n<tr>\n<td>\n<p>\u00e9l se pusiera, pusiese<\/p>\n<\/td>\n<td>\n<p>ellos se pusieran, pusiesen<\/p>\n<\/td>\n<\/tr>\n<\/tbody>\n<\/table>\n<table class=\"tb_lessons\">\n<tbody>\n<tr>\n<td colspan=\"2\">\n<p align=\"center\"><span class=\"str\">Pret\u00e9rito Perfecto Subjuntivo<\/span><\/p>\n<\/td>\n<\/tr>\n<tr>\n<td>\n<p>yo me haya puesto<\/p>\n<\/td>\n<td>\n<p>nosotros nos hayamos puesto<\/p>\n<\/td>\n<\/tr>\n<tr>\n<td>\n<p>t\u00fa te hayas puesto<\/p>\n<\/td>\n<td>\n<p>vosotros os hay\u00e1is puesto<\/p>\n<\/td>\n<\/tr>\n<tr>\n<td>\n<p>\u00e9l se ha puesto<\/p>\n<\/td>\n<td>\n<p>ellos se hayan puesto<\/p>\n<\/td>\n<\/tr>\n<\/tbody>\n<\/table>\n<table class=\"tb_lessons\">\n<tbody>\n<tr>\n<td colspan=\"2\">\n<p align=\"center\"><span class=\"str\">Pret\u00e9rito Pluscuamperfecto Subjuntivo<\/span><\/p>\n<\/td>\n<\/tr>\n<tr>\n<td>\n<p>yo me hubiera (hubiese) puesto<\/p>\n<\/td>\n<td>\n<p>nosotros nos hubi\u00e9ramos (hubi\u00e9semos) puesto<\/p>\n<\/td>\n<\/tr>\n<tr>\n<td>\n<p>t\u00fa te hubieras (hubieses) puesto<\/p>\n<\/td>\n<td>\n<p>vosotros os hubierais (hubieseis) puesto<\/p>\n<\/td>\n<\/tr>\n<tr>\n<td>\n<p>\u00e9l se hubiera (hubiese) puesto<\/p>\n<\/td>\n<td>\n<p>ellos se hubieran (hubiesen) puesto<\/p>\n<\/td>\n<\/tr>\n<\/tbody>\n<\/table>\n<table class=\"tb_lessons\">\n<tbody>\n<tr>\n<td>\u00a0<\/td>\n<td>\n<p align=\"center\"><span class=\"str\">Imperativo afirmativo<\/span><\/p>\n<\/td>\n<td>\n<p align=\"center\"><span class=\"str\">Imperativo negativo<\/span><\/p>\n<\/td>\n<\/tr>\n<tr>\n<td>\n<p><span class=\"str\">2 Persona Singular<\/span><\/p>\n<\/td>\n<td>\n<p>ponte<\/p>\n<\/td>\n<td>\n<p>no te pongas<\/p>\n<\/td>\n<\/tr>\n<tr>\n<td>\n<p><span class=\"str\">3 Persona Singular<\/span><\/p>\n<\/td>\n<td>\n<p>p\u00f3ngase\u00a0Ud.<\/p>\n<\/td>\n<td>\n<p>no se ponga Ud.<\/p>\n<\/td>\n<\/tr>\n<tr>\n<td>\n<p><span class=\"str\">1 Persona Plural<\/span><\/p>\n<\/td>\n<td>\n<p>pong\u00e1monos<\/p>\n<\/td>\n<td>\n<p>no nos pongamos<\/p>\n<\/td>\n<\/tr>\n<tr>\n<td>\n<p><span class=\"str\">2 Persona Plural<\/span><\/p>\n<\/td>\n<td>\n<p>poneos<\/p>\n<\/td>\n<td>\n<p>no os pong\u00e1is<\/p>\n<\/td>\n<\/tr>\n<tr>\n<td>\n<p><span class=\"str\">3 Persona Plural<\/span><\/p>\n<\/td>\n<td>\n<p>p\u00f3nganse\u00a0Uds.<\/p>\n<\/td>\n<td>\n<p>no se pongan Uds.<\/p>\n<\/td>\n<\/tr>\n<\/tbody>\n<\/table>\n<table class=\"tb_lessons\">\n<tbody>\n<tr>\n<td>\n<p align=\"center\"><span class=\"str\">Gerundio<\/span><\/p>\n<\/td>\n<\/tr>\n<tr>\n<td>\n<p>poni\u00e9ndose<\/p>\n<\/td>\n<\/tr>\n<\/tbody>\n<\/table>\n<table class=\"tb_lessons\">\n<tbody>\n<tr>\n<td>\n<p align=\"center\"><span class=\"str\">Participio pasado (masculino)<\/span><\/p>\n<\/td>\n<\/tr>\n<tr>\n<td>\n<p>puesto<\/p>\n<\/td>\n<\/tr>\n<\/tbody>\n<\/table>\n","protected":false},"excerpt":{"rendered":"<p>\u0412\u043e\u0437\u0432\u0440\u0430\u0442\u043d\u044b\u0439 \u0433\u043b\u0430\u0433\u043e\u043b PonerSe \u0447\u0430\u0441\u0442\u043e \u043f\u0443\u0442\u0430\u0435\u0442 \u0438\u0437\u0443\u0447\u0430\u044e\u0449\u0438\u0445 \u0438\u0441\u043f\u0430\u043d\u0441\u043a\u0438\u0439 \u044f\u0437\u044b\u043a \u0441\u0432\u043e\u0438\u043c \u0441\u043f\u0440\u044f\u0436\u0435\u043d\u0438\u0435\u043c. \u0417\u0434\u0435\u0441\u044c \u0432\u044b \u043d\u0430\u0439\u0434\u0435\u0442\u0435 \u0432\u0430\u0440\u0438\u0430\u043d\u0442\u044b \u0441\u043f\u0440\u044f\u0436\u0435\u043d\u0438\u044f \u0434\u0430\u043d\u043d\u043e\u0433\u043e \u0433\u043b\u0430\u0433\u043e\u043b\u0430 \u0432\u043e \u0432\u0441\u0435\u0445 \u0432\u0440\u0435\u043c\u0435\u043d\u0430\u0445, \u043b\u0438\u0446\u0430\u0445 \u0438 \u0441\u043a\u043b\u043e\u043d\u0435\u043d\u0438\u044f\u0445. Presente indicativo yo me pongo nosotros nos ponemos t\u00fa te pones vosotros os pon\u00e9is \u00e9l se pone ellos se ponen Futuro Imperfecto Indicativo yo me pondr\u00e9 nosotros nos pondremos t\u00fa te pondr\u00e1s [&hellip;]<\/p>\n","protected":false},"author":1,"featured_media":0,"parent":1474,"menu_order":0,"comment_status":"closed","ping_status":"closed","template":"","meta":{"_sitemap_exclude":false,"_sitemap_priority":"","_sitemap_frequency":"","footnotes":""},"class_list":["post-1372","page","type-page","status-publish",""],"yoast_head":"\n<title>\u0421\u043f\u0440\u044f\u0436\u0435\u043d\u0438\u0435 \u0433\u043b\u0430\u0433\u043e\u043b\u0430 PonerSe<\/title>\n<meta name=\"description\" content=\"\u0412\u043e\u0437\u0432\u0440\u0430\u0442\u043d\u044b\u0439 \u0433\u043b\u0430\u0433\u043e\u043b PonerSe \u0447\u0430\u0441\u0442\u043e \u043f\u0443\u0442\u0430\u0435\u0442 \u0438\u0437\u0443\u0447\u0430\u044e\u0449\u0438\u0445 \u0438\u0441\u043f\u0430\u043d\u0441\u043a\u0438\u0439 \u044f\u0437\u044b\u043a \u0441\u0432\u043e\u0438\u043c \u0441\u043f\u0440\u044f\u0436\u0435\u043d\u0438\u0435\u043c. \u0417\u0434\u0435\u0441\u044c \u0432\u044b \u043d\u0430\u0439\u0434\u0435\u0442\u0435 \u0432\u0430\u0440\u0438\u0430\u043d\u0442\u044b \u0441\u043f\u0440\u044f\u0436\u0435\u043d\u0438\u044f \u0434\u0430\u043d\u043d\u043e\u0433\u043e \u0433\u043b\u0430\u0433\u043e\u043b\u0430 \u0432\u043e \u0432\u0441\u0435\u0445 \u0432\u0440\u0435\u043c\u0435\u043d\u0430\u0445, \u043b\u0438\u0446\u0430\u0445 \u0438 \u0441\u043a\u043b\u043e\u043d\u0435\u043d\u0438\u044f\u0445.\" \/>\n<meta name=\"robots\" content=\"index, follow, max-snippet:-1, max-image-preview:large, max-video-preview:-1\" \/>\n<link rel=\"canonical\" href=\"https:\/\/hispablog.ru\/?page_id=1372\" \/>\n<meta property=\"og:locale\" content=\"ru_RU\" \/>\n<meta property=\"og:type\" content=\"article\" \/>\n<meta property=\"og:title\" content=\"\u0421\u043f\u0440\u044f\u0436\u0435\u043d\u0438\u0435 \u0433\u043b\u0430\u0433\u043e\u043b\u0430 PonerSe\" \/>\n<meta property=\"og:description\" content=\"\u0412\u043e\u0437\u0432\u0440\u0430\u0442\u043d\u044b\u0439 \u0433\u043b\u0430\u0433\u043e\u043b PonerSe \u0447\u0430\u0441\u0442\u043e \u043f\u0443\u0442\u0430\u0435\u0442 \u0438\u0437\u0443\u0447\u0430\u044e\u0449\u0438\u0445 \u0438\u0441\u043f\u0430\u043d\u0441\u043a\u0438\u0439 \u044f\u0437\u044b\u043a \u0441\u0432\u043e\u0438\u043c \u0441\u043f\u0440\u044f\u0436\u0435\u043d\u0438\u0435\u043c. \u0417\u0434\u0435\u0441\u044c \u0432\u044b \u043d\u0430\u0439\u0434\u0435\u0442\u0435 \u0432\u0430\u0440\u0438\u0430\u043d\u0442\u044b \u0441\u043f\u0440\u044f\u0436\u0435\u043d\u0438\u044f \u0434\u0430\u043d\u043d\u043e\u0433\u043e \u0433\u043b\u0430\u0433\u043e\u043b\u0430 \u0432\u043e \u0432\u0441\u0435\u0445 \u0432\u0440\u0435\u043c\u0435\u043d\u0430\u0445, \u043b\u0438\u0446\u0430\u0445 \u0438 \u0441\u043a\u043b\u043e\u043d\u0435\u043d\u0438\u044f\u0445.\" \/>\n<meta property=\"og:url\" content=\"https:\/\/hispablog.ru\/?page_id=1372\" \/>\n<meta property=\"og:site_name\" content=\"HispaBlog\" \/>\n<meta property=\"article:modified_time\" content=\"2014-03-05T00:00:17+00:00\" \/>\n<meta name=\"twitter:label1\" content=\"\u041f\u0440\u0438\u043c\u0435\u0440\u043d\u043e\u0435 \u0432\u0440\u0435\u043c\u044f \u0434\u043b\u044f \u0447\u0442\u0435\u043d\u0438\u044f\" \/>\n\t<meta name=\"twitter:data1\" content=\"2 \u043c\u0438\u043d\u0443\u0442\u044b\" \/>\n<script type=\"application\/ld+json\" class=\"yoast-schema-graph\">{\"@context\":\"https:\\\/\\\/schema.org\",\"@graph\":[{\"@type\":\"WebPage\",\"@id\":\"https:\\\/\\\/hispablog.ru\\\/?page_id=1372\",\"url\":\"https:\\\/\\\/hispablog.ru\\\/?page_id=1372\",\"name\":\"\u0421\u043f\u0440\u044f\u0436\u0435\u043d\u0438\u0435 \u0433\u043b\u0430\u0433\u043e\u043b\u0430 PonerSe\",\"isPartOf\":{\"@id\":\"https:\\\/\\\/hispablog.ru\\\/#website\"},\"datePublished\":\"2014-01-29T08:42:43+00:00\",\"dateModified\":\"2014-03-05T00:00:17+00:00\",\"description\":\"\u0412\u043e\u0437\u0432\u0440\u0430\u0442\u043d\u044b\u0439 \u0433\u043b\u0430\u0433\u043e\u043b PonerSe \u0447\u0430\u0441\u0442\u043e \u043f\u0443\u0442\u0430\u0435\u0442 \u0438\u0437\u0443\u0447\u0430\u044e\u0449\u0438\u0445 \u0438\u0441\u043f\u0430\u043d\u0441\u043a\u0438\u0439 \u044f\u0437\u044b\u043a \u0441\u0432\u043e\u0438\u043c \u0441\u043f\u0440\u044f\u0436\u0435\u043d\u0438\u0435\u043c. \u0417\u0434\u0435\u0441\u044c \u0432\u044b \u043d\u0430\u0439\u0434\u0435\u0442\u0435 \u0432\u0430\u0440\u0438\u0430\u043d\u0442\u044b \u0441\u043f\u0440\u044f\u0436\u0435\u043d\u0438\u044f \u0434\u0430\u043d\u043d\u043e\u0433\u043e \u0433\u043b\u0430\u0433\u043e\u043b\u0430 \u0432\u043e \u0432\u0441\u0435\u0445 \u0432\u0440\u0435\u043c\u0435\u043d\u0430\u0445, \u043b\u0438\u0446\u0430\u0445 \u0438 \u0441\u043a\u043b\u043e\u043d\u0435\u043d\u0438\u044f\u0445.\",\"breadcrumb\":{\"@id\":\"https:\\\/\\\/hispablog.ru\\\/?page_id=1372#breadcrumb\"},\"inLanguage\":\"ru-RU\",\"potentialAction\":[{\"@type\":\"ReadAction\",\"target\":[\"https:\\\/\\\/hispablog.ru\\\/?page_id=1372\"]}]},{\"@type\":\"BreadcrumbList\",\"@id\":\"https:\\\/\\\/hispablog.ru\\\/?page_id=1372#breadcrumb\",\"itemListElement\":[{\"@type\":\"ListItem\",\"position\":1,\"name\":\"HispaBlog\",\"item\":\"https:\\\/\\\/hispablog.ru\\\/\"},{\"@type\":\"ListItem\",\"position\":2,\"name\":\"\u0421\u043f\u0440\u044f\u0436\u0435\u043d\u0438\u0435 \u0438\u0441\u043f\u0430\u043d\u0441\u043a\u0438\u0445 \u0433\u043b\u0430\u0433\u043e\u043b\u043e\u0432\",\"item\":\"https:\\\/\\\/hispablog.ru\\\/?page_id=1474\"},{\"@type\":\"ListItem\",\"position\":3,\"name\":\"\u0421\u043f\u0440\u044f\u0436\u0435\u043d\u0438\u0435 \u0433\u043b\u0430\u0433\u043e\u043b\u0430 PonerSe\"}]},{\"@type\":\"WebSite\",\"@id\":\"https:\\\/\\\/hispablog.ru\\\/#website\",\"url\":\"https:\\\/\\\/hispablog.ru\\\/\",\"name\":\"HispaBlog\",\"description\":\"\u0411\u043b\u043e\u0433 \u043e\u0431 \u0438\u0437\u0443\u0447\u0435\u043d\u0438\u0438 \u0438\u0441\u043f\u0430\u043d\u0441\u043a\u043e\u0433\u043e \u044f\u0437\u044b\u043a\u0430 \u0438 \u043d\u0435 \u0442\u043e\u043b\u044c\u043a\u043e\u2026\",\"potentialAction\":[{\"@type\":\"SearchAction\",\"target\":{\"@type\":\"EntryPoint\",\"urlTemplate\":\"https:\\\/\\\/hispablog.ru\\\/?s={search_term_string}\"},\"query-input\":{\"@type\":\"PropertyValueSpecification\",\"valueRequired\":true,\"valueName\":\"search_term_string\"}}],\"inLanguage\":\"ru-RU\"}]}<\/script>\n","yoast_head_json":{"title":"\u0421\u043f\u0440\u044f\u0436\u0435\u043d\u0438\u0435 \u0433\u043b\u0430\u0433\u043e\u043b\u0430 PonerSe","description":"\u0412\u043e\u0437\u0432\u0440\u0430\u0442\u043d\u044b\u0439 \u0433\u043b\u0430\u0433\u043e\u043b PonerSe \u0447\u0430\u0441\u0442\u043e \u043f\u0443\u0442\u0430\u0435\u0442 \u0438\u0437\u0443\u0447\u0430\u044e\u0449\u0438\u0445 \u0438\u0441\u043f\u0430\u043d\u0441\u043a\u0438\u0439 \u044f\u0437\u044b\u043a \u0441\u0432\u043e\u0438\u043c \u0441\u043f\u0440\u044f\u0436\u0435\u043d\u0438\u0435\u043c. \u0417\u0434\u0435\u0441\u044c \u0432\u044b \u043d\u0430\u0439\u0434\u0435\u0442\u0435 \u0432\u0430\u0440\u0438\u0430\u043d\u0442\u044b \u0441\u043f\u0440\u044f\u0436\u0435\u043d\u0438\u044f \u0434\u0430\u043d\u043d\u043e\u0433\u043e \u0433\u043b\u0430\u0433\u043e\u043b\u0430 \u0432\u043e \u0432\u0441\u0435\u0445 \u0432\u0440\u0435\u043c\u0435\u043d\u0430\u0445, \u043b\u0438\u0446\u0430\u0445 \u0438 \u0441\u043a\u043b\u043e\u043d\u0435\u043d\u0438\u044f\u0445.","robots":{"index":"index","follow":"follow","max-snippet":"max-snippet:-1","max-image-preview":"max-image-preview:large","max-video-preview":"max-video-preview:-1"},"canonical":"https:\/\/hispablog.ru\/?page_id=1372","og_locale":"ru_RU","og_type":"article","og_title":"\u0421\u043f\u0440\u044f\u0436\u0435\u043d\u0438\u0435 \u0433\u043b\u0430\u0433\u043e\u043b\u0430 PonerSe","og_description":"\u0412\u043e\u0437\u0432\u0440\u0430\u0442\u043d\u044b\u0439 \u0433\u043b\u0430\u0433\u043e\u043b PonerSe \u0447\u0430\u0441\u0442\u043e \u043f\u0443\u0442\u0430\u0435\u0442 \u0438\u0437\u0443\u0447\u0430\u044e\u0449\u0438\u0445 \u0438\u0441\u043f\u0430\u043d\u0441\u043a\u0438\u0439 \u044f\u0437\u044b\u043a \u0441\u0432\u043e\u0438\u043c \u0441\u043f\u0440\u044f\u0436\u0435\u043d\u0438\u0435\u043c. \u0417\u0434\u0435\u0441\u044c \u0432\u044b \u043d\u0430\u0439\u0434\u0435\u0442\u0435 \u0432\u0430\u0440\u0438\u0430\u043d\u0442\u044b \u0441\u043f\u0440\u044f\u0436\u0435\u043d\u0438\u044f \u0434\u0430\u043d\u043d\u043e\u0433\u043e \u0433\u043b\u0430\u0433\u043e\u043b\u0430 \u0432\u043e \u0432\u0441\u0435\u0445 \u0432\u0440\u0435\u043c\u0435\u043d\u0430\u0445, \u043b\u0438\u0446\u0430\u0445 \u0438 \u0441\u043a\u043b\u043e\u043d\u0435\u043d\u0438\u044f\u0445.","og_url":"https:\/\/hispablog.ru\/?page_id=1372","og_site_name":"HispaBlog","article_modified_time":"2014-03-05T00:00:17+00:00","twitter_misc":{"\u041f\u0440\u0438\u043c\u0435\u0440\u043d\u043e\u0435 \u0432\u0440\u0435\u043c\u044f \u0434\u043b\u044f \u0447\u0442\u0435\u043d\u0438\u044f":"2 \u043c\u0438\u043d\u0443\u0442\u044b"},"schema":{"@context":"https:\/\/schema.org","@graph":[{"@type":"WebPage","@id":"https:\/\/hispablog.ru\/?page_id=1372","url":"https:\/\/hispablog.ru\/?page_id=1372","name":"\u0421\u043f\u0440\u044f\u0436\u0435\u043d\u0438\u0435 \u0433\u043b\u0430\u0433\u043e\u043b\u0430 PonerSe","isPartOf":{"@id":"https:\/\/hispablog.ru\/#website"},"datePublished":"2014-01-29T08:42:43+00:00","dateModified":"2014-03-05T00:00:17+00:00","description":"\u0412\u043e\u0437\u0432\u0440\u0430\u0442\u043d\u044b\u0439 \u0433\u043b\u0430\u0433\u043e\u043b PonerSe \u0447\u0430\u0441\u0442\u043e \u043f\u0443\u0442\u0430\u0435\u0442 \u0438\u0437\u0443\u0447\u0430\u044e\u0449\u0438\u0445 \u0438\u0441\u043f\u0430\u043d\u0441\u043a\u0438\u0439 \u044f\u0437\u044b\u043a \u0441\u0432\u043e\u0438\u043c \u0441\u043f\u0440\u044f\u0436\u0435\u043d\u0438\u0435\u043c. \u0417\u0434\u0435\u0441\u044c \u0432\u044b \u043d\u0430\u0439\u0434\u0435\u0442\u0435 \u0432\u0430\u0440\u0438\u0430\u043d\u0442\u044b \u0441\u043f\u0440\u044f\u0436\u0435\u043d\u0438\u044f \u0434\u0430\u043d\u043d\u043e\u0433\u043e \u0433\u043b\u0430\u0433\u043e\u043b\u0430 \u0432\u043e \u0432\u0441\u0435\u0445 \u0432\u0440\u0435\u043c\u0435\u043d\u0430\u0445, \u043b\u0438\u0446\u0430\u0445 \u0438 \u0441\u043a\u043b\u043e\u043d\u0435\u043d\u0438\u044f\u0445.","breadcrumb":{"@id":"https:\/\/hispablog.ru\/?page_id=1372#breadcrumb"},"inLanguage":"ru-RU","potentialAction":[{"@type":"ReadAction","target":["https:\/\/hispablog.ru\/?page_id=1372"]}]},{"@type":"BreadcrumbList","@id":"https:\/\/hispablog.ru\/?page_id=1372#breadcrumb","itemListElement":[{"@type":"ListItem","position":1,"name":"HispaBlog","item":"https:\/\/hispablog.ru\/"},{"@type":"ListItem","position":2,"name":"\u0421\u043f\u0440\u044f\u0436\u0435\u043d\u0438\u0435 \u0438\u0441\u043f\u0430\u043d\u0441\u043a\u0438\u0445 \u0433\u043b\u0430\u0433\u043e\u043b\u043e\u0432","item":"https:\/\/hispablog.ru\/?page_id=1474"},{"@type":"ListItem","position":3,"name":"\u0421\u043f\u0440\u044f\u0436\u0435\u043d\u0438\u0435 \u0433\u043b\u0430\u0433\u043e\u043b\u0430 PonerSe"}]},{"@type":"WebSite","@id":"https:\/\/hispablog.ru\/#website","url":"https:\/\/hispablog.ru\/","name":"HispaBlog","description":"\u0411\u043b\u043e\u0433 \u043e\u0431 \u0438\u0437\u0443\u0447\u0435\u043d\u0438\u0438 \u0438\u0441\u043f\u0430\u043d\u0441\u043a\u043e\u0433\u043e \u044f\u0437\u044b\u043a\u0430 \u0438 \u043d\u0435 \u0442\u043e\u043b\u044c\u043a\u043e\u2026","potentialAction":[{"@type":"SearchAction","target":{"@type":"EntryPoint","urlTemplate":"https:\/\/hispablog.ru\/?s={search_term_string}"},"query-input":{"@type":"PropertyValueSpecification","valueRequired":true,"valueName":"search_term_string"}}],"inLanguage":"ru-RU"}]}},"_links":{"self":[{"href":"https:\/\/hispablog.ru\/index.php?rest_route=\/wp\/v2\/pages\/1372","targetHints":{"allow":["GET"]}}],"collection":[{"href":"https:\/\/hispablog.ru\/index.php?rest_route=\/wp\/v2\/pages"}],"about":[{"href":"https:\/\/hispablog.ru\/index.php?rest_route=\/wp\/v2\/types\/page"}],"author":[{"embeddable":true,"href":"https:\/\/hispablog.ru\/index.php?rest_route=\/wp\/v2\/users\/1"}],"replies":[{"embeddable":true,"href":"https:\/\/hispablog.ru\/index.php?rest_route=%2Fwp%2Fv2%2Fcomments&post=1372"}],"version-history":[{"count":0,"href":"https:\/\/hispablog.ru\/index.php?rest_route=\/wp\/v2\/pages\/1372\/revisions"}],"up":[{"embeddable":true,"href":"https:\/\/hispablog.ru\/index.php?rest_route=\/wp\/v2\/pages\/1474"}],"wp:attachment":[{"href":"https:\/\/hispablog.ru\/index.php?rest_route=%2Fwp%2Fv2%2Fmedia&parent=1372"}],"curies":[{"name":"wp","href":"https:\/\/api.w.org\/{rel}","templated":true}]}}